{"id":14,"date":"2021-01-26T17:29:51","date_gmt":"2021-01-26T17:29:51","guid":{"rendered":"https:\/\/fieldtrust.be\/?page_id=14"},"modified":"2021-02-26T18:15:03","modified_gmt":"2021-02-26T18:15:03","slug":"become-a-vendor-partner","status":"publish","type":"page","link":"https:\/\/fieldtrust.be\/nl\/vendors\/become-a-vendor-partner","title":{"rendered":"Word een vendor partner"},"content":{"rendered":"\t\t<div data-elementor-type=\"wp-page\" data-elementor-id=\"14\" class=\"elementor elementor-14\" data-elementor-post-type=\"page\">\n\t\t\t\t\t\t<section class=\"elementor-section elementor-top-section elementor-element elementor-element-1fa0ce3 elementor-section-height-min-height elementor-section-items-bottom elementor-section-boxed elementor-section-height-default\" data-id=\"1fa0ce3\" data-element_type=\"section\" data-e-type=\"section\" data-settings=\"{&quot;background_background&quot;:&quot;classic&quot;}\">\n\t\t\t\t\t\t\t<div class=\"elementor-background-overlay\"><\/div>\n\t\t\t\t\t\t\t<div class=\"elementor-container elementor-column-gap-no\">\n\t\t\t\t\t<div class=\"elementor-column elementor-col-50 elementor-top-column elementor-element elementor-element-fced5ad\" data-id=\"fced5ad\" data-element_type=\"column\" data-e-type=\"column\">\n\t\t\t<div class=\"elementor-widget-wrap elementor-element-populated\">\n\t\t\t\t\t\t<div class=\"elementor-element elementor-element-922c78e elementor-widget elementor-widget-heading\" data-id=\"922c78e\" data-element_type=\"widget\" data-e-type=\"widget\" data-widget_type=\"heading.default\">\n\t\t\t\t<div class=\"elementor-widget-container\">\n\t\t\t\t\t<h1 class=\"elementor-heading-title elementor-size-default\">Want to be on our product portfolio?<\/h1>\t\t\t\t<\/div>\n\t\t\t\t<\/div>\n\t\t\t\t<div class=\"elementor-element elementor-element-8d696bc elementor-widget elementor-widget-text-editor\" data-id=\"8d696bc\" data-element_type=\"widget\" data-e-type=\"widget\" data-widget_type=\"text-editor.default\">\n\t\t\t\t<div class=\"elementor-widget-container\">\n\t\t\t\t\t\t\t\t\t<p><span style=\"background-color: var( --e-global-color-primary );\"><span style=\"color: #ec5661;\"><b><strong>Does your solution fit our criteria to serve our MSP reseller network?<\/strong><\/b><\/span><\/span> <strong>We can bring it to our 400+ resellers, who\u2019ll gladly implement it in their business.<\/strong><\/p>\t\t\t\t\t\t\t\t<\/div>\n\t\t\t\t<\/div>\n\t\t\t\t\t<\/div>\n\t\t<\/div>\n\t\t\t\t<div class=\"elementor-column elementor-col-50 elementor-top-column elementor-element elementor-element-e9e27be elementor-hidden-phone\" data-id=\"e9e27be\" data-element_type=\"column\" data-e-type=\"column\">\n\t\t\t<div class=\"elementor-widget-wrap\">\n\t\t\t\t\t\t\t<\/div>\n\t\t<\/div>\n\t\t\t\t\t<\/div>\n\t\t<\/section>\n\t\t\t\t<section class=\"elementor-section elementor-top-section elementor-element elementor-element-c48211f elementor-section-boxed elementor-section-height-default elementor-section-height-default\" data-id=\"c48211f\" data-element_type=\"section\" data-e-type=\"section\">\n\t\t\t\t\t\t<div class=\"elementor-container elementor-column-gap-default\">\n\t\t\t\t\t<div class=\"elementor-column elementor-col-100 elementor-top-column elementor-element elementor-element-ca11d22\" data-id=\"ca11d22\" data-element_type=\"column\" data-e-type=\"column\">\n\t\t\t<div class=\"elementor-widget-wrap elementor-element-populated\">\n\t\t\t\t\t\t<div class=\"elementor-element elementor-element-0cead3e elementor-widget elementor-widget-heading\" data-id=\"0cead3e\" data-element_type=\"widget\" data-e-type=\"widget\" data-widget_type=\"heading.default\">\n\t\t\t\t<div class=\"elementor-widget-container\">\n\t\t\t\t\t<h2 class=\"elementor-heading-title elementor-size-default\">Formula for success<\/h2>\t\t\t\t<\/div>\n\t\t\t\t<\/div>\n\t\t\t\t<div class=\"elementor-element elementor-element-972b0fe elementor-widget elementor-widget-text-editor\" data-id=\"972b0fe\" data-element_type=\"widget\" data-e-type=\"widget\" data-widget_type=\"text-editor.default\">\n\t\t\t\t<div class=\"elementor-widget-container\">\n\t\t\t\t\t\t\t\t\t<p><b>Once we have on-boarded your product we\u2019ll bring it to our 400+ resellers with our personal up close market approach.<\/b><\/p><p>From day one you\u2019ll benefit from FieldTrust\u2019s proven \u2018Value Added\u2019 concept. We will inform, learn, train our MSPs on why and how they should implement your solution.<\/p><p>Our business being organised around sharply defined criteria and practices, every new solution receives the focus and investments necessary to attract partners, establish distinction from the market and aim for growth.\u00a0\u00a0<\/p><p>The exceptional channel triumphs we have accomplished together with our vendors demonstrates our unique way of augmenting the value of a product to be a formula for success.<\/p>\t\t\t\t\t\t\t\t<\/div>\n\t\t\t\t<\/div>\n\t\t\t\t\t<\/div>\n\t\t<\/div>\n\t\t\t\t\t<\/div>\n\t\t<\/section>\n\t\t\t\t<section class=\"elementor-section elementor-top-section elementor-element elementor-element-108a93d elementor-section-height-min-height elementor-section-content-middle elementor-section-boxed elementor-section-height-default elementor-section-items-middle\" data-id=\"108a93d\" data-element_type=\"section\" data-e-type=\"section\" data-settings=\"{&quot;background_background&quot;:&quot;classic&quot;}\">\n\t\t\t\t\t\t<div class=\"elementor-container elementor-column-gap-default\">\n\t\t\t\t\t<div class=\"elementor-column elementor-col-50 elementor-top-column elementor-element elementor-element-3b60bb7\" data-id=\"3b60bb7\" data-element_type=\"column\" data-e-type=\"column\">\n\t\t\t<div class=\"elementor-widget-wrap elementor-element-populated\">\n\t\t\t\t\t\t<div class=\"elementor-element elementor-element-1616844 elementor-widget elementor-widget-heading\" data-id=\"1616844\" data-element_type=\"widget\" data-e-type=\"widget\" data-widget_type=\"heading.default\">\n\t\t\t\t<div class=\"elementor-widget-container\">\n\t\t\t\t\t<h2 class=\"elementor-heading-title elementor-size-default\">We partner up<\/h2>\t\t\t\t<\/div>\n\t\t\t\t<\/div>\n\t\t\t\t<div class=\"elementor-element elementor-element-18f6ef7 elementor-widget elementor-widget-text-editor\" data-id=\"18f6ef7\" data-element_type=\"widget\" data-e-type=\"widget\" data-widget_type=\"text-editor.default\">\n\t\t\t\t<div class=\"elementor-widget-container\">\n\t\t\t\t\t\t\t\t\t<p>Far from traditional distributor-vendor relationships we partner up with our suppliers &#8211; our ambition, thirst for growth and innovation are just as big as yours; we are in it together with you!<\/p><p>With an unseen flexibility FieldTrust will adapt its formula around your products.\u00a0 The added value we deliver for resellers and for vendors are two sides of the same coin.\u00a0 By \u2018knowing\u2019 what we sell, we can deliver an A-To-Z service to our resellers which means our vendors don\u2019t have to allocate any resources to the specialised and time-consuming jobs we do for them.<\/p>\t\t\t\t\t\t\t\t<\/div>\n\t\t\t\t<\/div>\n\t\t\t\t\t<\/div>\n\t\t<\/div>\n\t\t\t\t<div class=\"elementor-column elementor-col-50 elementor-top-column elementor-element elementor-element-4a23c2c\" data-id=\"4a23c2c\" data-element_type=\"column\" data-e-type=\"column\">\n\t\t\t<div class=\"elementor-widget-wrap\">\n\t\t\t\t\t\t\t<\/div>\n\t\t<\/div>\n\t\t\t\t\t<\/div>\n\t\t<\/section>\n\t\t\t\t<section class=\"elementor-section elementor-top-section elementor-element elementor-element-ba30d0b elementor-section-boxed elementor-section-height-default elementor-section-height-default\" data-id=\"ba30d0b\" data-element_type=\"section\" data-e-type=\"section\">\n\t\t\t\t\t\t<div class=\"elementor-container elementor-column-gap-default\">\n\t\t\t\t\t<div class=\"elementor-column elementor-col-100 elementor-top-column elementor-element elementor-element-3e9ad7b\" data-id=\"3e9ad7b\" data-element_type=\"column\" data-e-type=\"column\">\n\t\t\t<div class=\"elementor-widget-wrap elementor-element-populated\">\n\t\t\t\t\t\t<div class=\"elementor-element elementor-element-1edd493 elementor-widget elementor-widget-heading\" data-id=\"1edd493\" data-element_type=\"widget\" data-e-type=\"widget\" data-widget_type=\"heading.default\">\n\t\t\t\t<div class=\"elementor-widget-container\">\n\t\t\t\t\t<h2 class=\"elementor-heading-title elementor-size-default\">We beg to differ <\/h2>\t\t\t\t<\/div>\n\t\t\t\t<\/div>\n\t\t\t\t<div class=\"elementor-element elementor-element-fda4ab0 elementor-widget elementor-widget-heading\" data-id=\"fda4ab0\" data-element_type=\"widget\" data-e-type=\"widget\" data-widget_type=\"heading.default\">\n\t\t\t\t<div class=\"elementor-widget-container\">\n\t\t\t\t\t<h3 class=\"elementor-heading-title elementor-size-default\">Not only new surfacing solutions can benefit from this approach. <\/h3>\t\t\t\t<\/div>\n\t\t\t\t<\/div>\n\t\t\t\t<div class=\"elementor-element elementor-element-8a03555 elementor-widget elementor-widget-text-editor\" data-id=\"8a03555\" data-element_type=\"widget\" data-e-type=\"widget\" data-widget_type=\"text-editor.default\">\n\t\t\t\t<div class=\"elementor-widget-container\">\n\t\t\t\t\t\t\t\t\t<p><strong>Our formula works just as well for established vendors searching for new markets or traction for a product.<\/strong>\u00a0 FieldTrust will provide an entrance into a fully proactive and responsive partner network. Not only do we do things differently, we help our partner to see the way we think and adopt it.<\/p>\t\t\t\t\t\t\t\t<\/div>\n\t\t\t\t<\/div>\n\t\t\t\t\t<\/div>\n\t\t<\/div>\n\t\t\t\t\t<\/div>\n\t\t<\/section>\n\t\t\t\t<section class=\"elementor-section elementor-top-section elementor-element elementor-element-3e24f7f elementor-section-boxed elementor-section-height-default elementor-section-height-default\" data-id=\"3e24f7f\" data-element_type=\"section\" data-e-type=\"section\" data-settings=\"{&quot;background_background&quot;:&quot;classic&quot;}\">\n\t\t\t\t\t\t<div class=\"elementor-container elementor-column-gap-default\">\n\t\t\t\t\t<div class=\"elementor-column elementor-col-100 elementor-top-column elementor-element elementor-element-e70d051\" data-id=\"e70d051\" data-element_type=\"column\" data-e-type=\"column\">\n\t\t\t<div class=\"elementor-widget-wrap elementor-element-populated\">\n\t\t\t\t\t\t<div class=\"elementor-element elementor-element-1d07f58 elementor-widget elementor-widget-heading\" data-id=\"1d07f58\" data-element_type=\"widget\" data-e-type=\"widget\" data-widget_type=\"heading.default\">\n\t\t\t\t<div class=\"elementor-widget-container\">\n\t\t\t\t\t<h2 class=\"elementor-heading-title elementor-size-default\">Join our portfolio today !<\/h2>\t\t\t\t<\/div>\n\t\t\t\t<\/div>\n\t\t\t\t<div class=\"elementor-element elementor-element-bbb3d28 elementor-button-align-center elementor-widget elementor-widget-form\" data-id=\"bbb3d28\" data-element_type=\"widget\" data-e-type=\"widget\" data-settings=\"{&quot;step_next_label&quot;:&quot;Next&quot;,&quot;step_previous_label&quot;:&quot;Previous&quot;,&quot;button_width&quot;:&quot;100&quot;,&quot;step_type&quot;:&quot;number_text&quot;,&quot;step_icon_shape&quot;:&quot;circle&quot;}\" data-widget_type=\"form.default\">\n\t\t\t\t<div class=\"elementor-widget-container\">\n\t\t\t\t\t\t\t<form class=\"elementor-form\" method=\"post\" name=\"New Form\" aria-label=\"New Form\">\n\t\t\t<input type=\"hidden\" name=\"post_id\" value=\"14\"\/>\n\t\t\t<input type=\"hidden\" name=\"form_id\" value=\"bbb3d28\"\/>\n\t\t\t<input type=\"hidden\" name=\"referer_title\" value=\"Become a vendor partner &#8211; Fieldtrust\" \/>\n\n\t\t\t\t\t\t\t<input type=\"hidden\" name=\"queried_id\" value=\"14\"\/>\n\t\t\t\n\t\t\t<div class=\"elementor-form-fields-wrapper elementor-labels-above\">\n\t\t\t\t\t\t\t\t<div class=\"elementor-field-type-text elementor-field-group elementor-column elementor-field-group-name elementor-col-50 elementor-field-required\">\n\t\t\t\t\t\t\t\t\t\t\t\t<label for=\"form-field-name\" class=\"elementor-field-label\">\n\t\t\t\t\t\t\t\tYour first name*\t\t\t\t\t\t\t<\/label>\n\t\t\t\t\t\t\t\t\t\t\t\t\t\t<input size=\"1\" type=\"text\" name=\"form_fields[name]\" id=\"form-field-name\" class=\"elementor-field elementor-size-sm  elementor-field-textual\" required=\"required\">\n\t\t\t\t\t\t\t\t\t\t\t<\/div>\n\t\t\t\t\t\t\t\t<div class=\"elementor-field-type-text elementor-field-group elementor-column elementor-field-group-email elementor-col-50 elementor-field-required\">\n\t\t\t\t\t\t\t\t\t\t\t\t<label for=\"form-field-email\" class=\"elementor-field-label\">\n\t\t\t\t\t\t\t\tYour last name*\t\t\t\t\t\t\t<\/label>\n\t\t\t\t\t\t\t\t\t\t\t\t\t\t<input size=\"1\" type=\"text\" name=\"form_fields[email]\" id=\"form-field-email\" class=\"elementor-field elementor-size-sm  elementor-field-textual\" required=\"required\">\n\t\t\t\t\t\t\t\t\t\t\t<\/div>\n\t\t\t\t\t\t\t\t<div class=\"elementor-field-type-email elementor-field-group elementor-column elementor-field-group-field_629947c elementor-col-50 elementor-field-required\">\n\t\t\t\t\t\t\t\t\t\t\t\t<label for=\"form-field-field_629947c\" class=\"elementor-field-label\">\n\t\t\t\t\t\t\t\tYour work email*\t\t\t\t\t\t\t<\/label>\n\t\t\t\t\t\t\t\t\t\t\t\t\t\t<input size=\"1\" type=\"email\" name=\"form_fields[field_629947c]\" id=\"form-field-field_629947c\" class=\"elementor-field elementor-size-sm  elementor-field-textual\" required=\"required\">\n\t\t\t\t\t\t\t\t\t\t\t<\/div>\n\t\t\t\t\t\t\t\t<div class=\"elementor-field-type-text elementor-field-group elementor-column elementor-field-group-field_8390b3e elementor-col-50 elementor-field-required\">\n\t\t\t\t\t\t\t\t\t\t\t\t<label for=\"form-field-field_8390b3e\" class=\"elementor-field-label\">\n\t\t\t\t\t\t\t\tCompany*\t\t\t\t\t\t\t<\/label>\n\t\t\t\t\t\t\t\t\t\t\t\t\t\t<input size=\"1\" type=\"text\" name=\"form_fields[field_8390b3e]\" id=\"form-field-field_8390b3e\" class=\"elementor-field elementor-size-sm  elementor-field-textual\" required=\"required\">\n\t\t\t\t\t\t\t\t\t\t\t<\/div>\n\t\t\t\t\t\t\t\t<div class=\"elementor-field-type-tel elementor-field-group elementor-column elementor-field-group-field_373a791 elementor-col-50 elementor-field-required\">\n\t\t\t\t\t\t\t\t\t\t\t\t<label for=\"form-field-field_373a791\" class=\"elementor-field-label\">\n\t\t\t\t\t\t\t\tPhone number*\t\t\t\t\t\t\t<\/label>\n\t\t\t\t\t\t\t\t<input size=\"1\" type=\"tel\" name=\"form_fields[field_373a791]\" id=\"form-field-field_373a791\" class=\"elementor-field elementor-size-sm  elementor-field-textual\" required=\"required\" pattern=\"[0-9()#&amp;+*-=.]+\" title=\"Seuls les caract\u00e8res de num\u00e9ros de t\u00e9l\u00e9phone (#, -, *, etc.) sont accept\u00e9s.\">\n\n\t\t\t\t\t\t<\/div>\n\t\t\t\t\t\t\t\t<div class=\"elementor-field-type-select elementor-field-group elementor-column elementor-field-group-field_ff99429 elementor-col-50 elementor-field-required\">\n\t\t\t\t\t\t\t\t\t\t\t\t<label for=\"form-field-field_ff99429\" class=\"elementor-field-label\">\n\t\t\t\t\t\t\t\tCountry*\t\t\t\t\t\t\t<\/label>\n\t\t\t\t\t\t\t\t<div class=\"elementor-field elementor-select-wrapper remove-before \">\n\t\t\t<div class=\"select-caret-down-wrapper\">\n\t\t\t\t<i aria-hidden=\"true\" class=\"eicon-caret-down\"><\/i>\t\t\t<\/div>\n\t\t\t<select name=\"form_fields[field_ff99429]\" id=\"form-field-field_ff99429\" class=\"elementor-field-textual elementor-size-sm\" required=\"required\">\n\t\t\t\t\t\t\t\t\t<option value=\"Belgium\">Belgium<\/option>\n\t\t\t\t\t\t\t\t\t<option value=\"France\">France<\/option>\n\t\t\t\t\t\t\t\t\t<option value=\"Netherlands\">Netherlands<\/option>\n\t\t\t\t\t\t\t\t\t<option value=\"Luxembourg\">Luxembourg<\/option>\n\t\t\t\t\t\t\t\t\t<option value=\"Other countries\">Other countries<\/option>\n\t\t\t\t\t\t\t<\/select>\n\t\t<\/div>\n\t\t\t\t\t\t<\/div>\n\t\t\t\t\t\t\t\t<div class=\"elementor-field-type-acceptance elementor-field-group elementor-column elementor-field-group-field_13f17db elementor-col-100 elementor-field-required\">\n\t\t\t\t\t\t\t<div class=\"elementor-field-subgroup\">\n\t\t\t<span class=\"elementor-field-option\">\n\t\t\t\t<input type=\"checkbox\" name=\"form_fields[field_13f17db]\" id=\"form-field-field_13f17db\" class=\"elementor-field elementor-size-sm  elementor-acceptance-field\" required=\"required\">\n\t\t\t\t<label for=\"form-field-field_13f17db\">By submitting this form, I agree that FieldTrust may collect and store my data and use it for the purpose of contacting me and the business relationship that may result. Please see our <a href=\"#\">Privacy Policy<\/a> for more details.<\/label>\t\t\t<\/span>\n\t\t<\/div>\n\t\t\t\t\t\t<\/div>\n\t\t\t\t\t\t\t\t<div class=\"elementor-field-type-recaptcha elementor-field-group elementor-column elementor-field-group-field_a5cc2d6 elementor-col-100\">\n\t\t\t\t\t<div class=\"elementor-field\" id=\"form-field-field_a5cc2d6\"><div class=\"elementor-g-recaptcha\" data-sitekey=\"6LePMRkTAAAAAGOomV1diyvcYZGtj-05Y5oQ2jjm\" data-type=\"v2_checkbox\" data-theme=\"light\" data-size=\"normal\"><\/div><\/div>\t\t\t\t<\/div>\n\t\t\t\t\t\t\t\t<div class=\"elementor-field-group elementor-column elementor-field-type-submit elementor-col-100 e-form__buttons\">\n\t\t\t\t\t<button class=\"elementor-button elementor-size-sm\" type=\"submit\">\n\t\t\t\t\t\t<span class=\"elementor-button-content-wrapper\">\n\t\t\t\t\t\t\t\t\t\t\t\t\t\t\t\t\t\t\t\t\t\t<span class=\"elementor-button-text\">REGISTER FOR FREE<\/span>\n\t\t\t\t\t\t\t\t\t\t\t\t\t<\/span>\n\t\t\t\t\t<\/button>\n\t\t\t\t<\/div>\n\t\t\t<\/div>\n\t\t<\/form>\n\t\t\t\t\t\t<\/div>\n\t\t\t\t<\/div>\n\t\t\t\t\t<\/div>\n\t\t<\/div>\n\t\t\t\t\t<\/div>\n\t\t<\/section>\n\t\t\t\t<\/div>\n\t\t","protected":false},"excerpt":{"rendered":"<p>Want to be on our product portfolio? Does your solution fit our criteria to serve our MSP reseller network? We can bring it to our 400+ resellers, who\u2019ll gladly implement it in their business. Formula for success Once we have on-boarded your product we\u2019ll bring it to our 400+ resellers with our personal up close [&hellip;]<\/p>\n","protected":false},"author":1,"featured_media":0,"parent":10,"menu_order":2,"comment_status":"closed","ping_status":"closed","template":"elementor_header_footer","meta":{"footnotes":""},"class_list":{"1":"page"},"yoast_head":"<!-- This site is optimized with the Yoast SEO plugin v27.3 - https:\/\/yoast.com\/product\/yoast-seo-wordpress\/ -->\n<title>Become a vendor partner &#8211; Fieldtrust<\/title>\n<meta name=\"robots\" content=\"index, follow, max-snippet:-1, max-image-preview:large, max-video-preview:-1\" \/>\n<link rel=\"canonical\" href=\"https:\/\/fieldtrust.be\/nl\/vendors\/become-a-vendor-partner\/\" \/>\n<meta property=\"og:locale\" content=\"nl_NL\" \/>\n<meta property=\"og:type\" content=\"article\" \/>\n<meta property=\"og:title\" content=\"Become a vendor partner &#8211; Fieldtrust\" \/>\n<meta property=\"og:description\" content=\"Want to be on our product portfolio? Does your solution fit our criteria to serve our MSP reseller network? We can bring it to our 400+ resellers, who\u2019ll gladly implement it in their business. Formula for success Once we have on-boarded your product we\u2019ll bring it to our 400+ resellers with our personal up close [&hellip;]\" \/>\n<meta property=\"og:url\" content=\"https:\/\/fieldtrust.be\/nl\/vendors\/become-a-vendor-partner\/\" \/>\n<meta property=\"og:site_name\" content=\"Fieldtrust\" \/>\n<meta property=\"article:modified_time\" content=\"2021-02-26T18:15:03+00:00\" \/>\n<meta name=\"twitter:card\" content=\"summary_large_image\" \/>\n<meta name=\"twitter:site\" content=\"@fieldtrustbnl\" \/>\n<meta name=\"twitter:label1\" content=\"Geschatte leestijd\" \/>\n\t<meta name=\"twitter:data1\" content=\"2 minuten\" \/>\n<script type=\"application\/ld+json\" class=\"yoast-schema-graph\">{\"@context\":\"https:\\\/\\\/schema.org\",\"@graph\":[{\"@type\":\"WebPage\",\"@id\":\"https:\\\/\\\/fieldtrust.be\\\/vendors\\\/become-a-vendor-partner\",\"url\":\"https:\\\/\\\/fieldtrust.be\\\/vendors\\\/become-a-vendor-partner\",\"name\":\"Become a vendor partner &#8211; Fieldtrust\",\"isPartOf\":{\"@id\":\"https:\\\/\\\/fieldtrust.be\\\/#website\"},\"datePublished\":\"2021-01-26T17:29:51+00:00\",\"dateModified\":\"2021-02-26T18:15:03+00:00\",\"breadcrumb\":{\"@id\":\"https:\\\/\\\/fieldtrust.be\\\/vendors\\\/become-a-vendor-partner#breadcrumb\"},\"inLanguage\":\"nl-NL\",\"potentialAction\":[{\"@type\":\"ReadAction\",\"target\":[\"https:\\\/\\\/fieldtrust.be\\\/vendors\\\/become-a-vendor-partner\"]}]},{\"@type\":\"BreadcrumbList\",\"@id\":\"https:\\\/\\\/fieldtrust.be\\\/vendors\\\/become-a-vendor-partner#breadcrumb\",\"itemListElement\":[{\"@type\":\"ListItem\",\"position\":1,\"name\":\"Accueil\",\"item\":\"https:\\\/\\\/fieldtrust.be\\\/\"},{\"@type\":\"ListItem\",\"position\":2,\"name\":\"Vendors\",\"item\":\"https:\\\/\\\/fieldtrust.be\\\/vendors\"},{\"@type\":\"ListItem\",\"position\":3,\"name\":\"Become a vendor partner\"}]},{\"@type\":\"WebSite\",\"@id\":\"https:\\\/\\\/fieldtrust.be\\\/#website\",\"url\":\"https:\\\/\\\/fieldtrust.be\\\/\",\"name\":\"Fieldtrust\",\"description\":\"The Value-Added Distributor for MSPs\",\"publisher\":{\"@id\":\"https:\\\/\\\/fieldtrust.be\\\/#organization\"},\"potentialAction\":[{\"@type\":\"SearchAction\",\"target\":{\"@type\":\"EntryPoint\",\"urlTemplate\":\"https:\\\/\\\/fieldtrust.be\\\/?s={search_term_string}\"},\"query-input\":{\"@type\":\"PropertyValueSpecification\",\"valueRequired\":true,\"valueName\":\"search_term_string\"}}],\"inLanguage\":\"nl-NL\"},{\"@type\":\"Organization\",\"@id\":\"https:\\\/\\\/fieldtrust.be\\\/#organization\",\"name\":\"Fieldtrust\",\"url\":\"https:\\\/\\\/fieldtrust.be\\\/\",\"logo\":{\"@type\":\"ImageObject\",\"inLanguage\":\"nl-NL\",\"@id\":\"https:\\\/\\\/fieldtrust.be\\\/#\\\/schema\\\/logo\\\/image\\\/\",\"url\":\"https:\\\/\\\/fieldtrust.be\\\/wp-content\\\/uploads\\\/2021\\\/01\\\/logo-FT.svg\",\"contentUrl\":\"https:\\\/\\\/fieldtrust.be\\\/wp-content\\\/uploads\\\/2021\\\/01\\\/logo-FT.svg\",\"width\":1,\"height\":1,\"caption\":\"Fieldtrust\"},\"image\":{\"@id\":\"https:\\\/\\\/fieldtrust.be\\\/#\\\/schema\\\/logo\\\/image\\\/\"},\"sameAs\":[\"https:\\\/\\\/x.com\\\/fieldtrustbnl\",\"https:\\\/\\\/www.linkedin.com\\\/company\\\/fieldtrust\\\/\",\"https:\\\/\\\/www.youtube.com\\\/channel\\\/UCchBwXtTmebI8KkdOGrcC5w\"]}]}<\/script>\n<!-- \/ Yoast SEO plugin. -->","yoast_head_json":{"title":"Become a vendor partner &#8211; Fieldtrust","robots":{"index":"index","follow":"follow","max-snippet":"max-snippet:-1","max-image-preview":"max-image-preview:large","max-video-preview":"max-video-preview:-1"},"canonical":"https:\/\/fieldtrust.be\/nl\/vendors\/become-a-vendor-partner\/","og_locale":"nl_NL","og_type":"article","og_title":"Become a vendor partner &#8211; Fieldtrust","og_description":"Want to be on our product portfolio? Does your solution fit our criteria to serve our MSP reseller network? We can bring it to our 400+ resellers, who\u2019ll gladly implement it in their business. Formula for success Once we have on-boarded your product we\u2019ll bring it to our 400+ resellers with our personal up close [&hellip;]","og_url":"https:\/\/fieldtrust.be\/nl\/vendors\/become-a-vendor-partner\/","og_site_name":"Fieldtrust","article_modified_time":"2021-02-26T18:15:03+00:00","twitter_card":"summary_large_image","twitter_site":"@fieldtrustbnl","twitter_misc":{"Geschatte leestijd":"2 minuten"},"schema":{"@context":"https:\/\/schema.org","@graph":[{"@type":"WebPage","@id":"https:\/\/fieldtrust.be\/vendors\/become-a-vendor-partner","url":"https:\/\/fieldtrust.be\/vendors\/become-a-vendor-partner","name":"Become a vendor partner &#8211; Fieldtrust","isPartOf":{"@id":"https:\/\/fieldtrust.be\/#website"},"datePublished":"2021-01-26T17:29:51+00:00","dateModified":"2021-02-26T18:15:03+00:00","breadcrumb":{"@id":"https:\/\/fieldtrust.be\/vendors\/become-a-vendor-partner#breadcrumb"},"inLanguage":"nl-NL","potentialAction":[{"@type":"ReadAction","target":["https:\/\/fieldtrust.be\/vendors\/become-a-vendor-partner"]}]},{"@type":"BreadcrumbList","@id":"https:\/\/fieldtrust.be\/vendors\/become-a-vendor-partner#breadcrumb","itemListElement":[{"@type":"ListItem","position":1,"name":"Accueil","item":"https:\/\/fieldtrust.be\/"},{"@type":"ListItem","position":2,"name":"Vendors","item":"https:\/\/fieldtrust.be\/vendors"},{"@type":"ListItem","position":3,"name":"Become a vendor partner"}]},{"@type":"WebSite","@id":"https:\/\/fieldtrust.be\/#website","url":"https:\/\/fieldtrust.be\/","name":"Fieldtrust","description":"The Value-Added Distributor for MSPs","publisher":{"@id":"https:\/\/fieldtrust.be\/#organization"},"potentialAction":[{"@type":"SearchAction","target":{"@type":"EntryPoint","urlTemplate":"https:\/\/fieldtrust.be\/?s={search_term_string}"},"query-input":{"@type":"PropertyValueSpecification","valueRequired":true,"valueName":"search_term_string"}}],"inLanguage":"nl-NL"},{"@type":"Organization","@id":"https:\/\/fieldtrust.be\/#organization","name":"Fieldtrust","url":"https:\/\/fieldtrust.be\/","logo":{"@type":"ImageObject","inLanguage":"nl-NL","@id":"https:\/\/fieldtrust.be\/#\/schema\/logo\/image\/","url":"https:\/\/fieldtrust.be\/wp-content\/uploads\/2021\/01\/logo-FT.svg","contentUrl":"https:\/\/fieldtrust.be\/wp-content\/uploads\/2021\/01\/logo-FT.svg","width":1,"height":1,"caption":"Fieldtrust"},"image":{"@id":"https:\/\/fieldtrust.be\/#\/schema\/logo\/image\/"},"sameAs":["https:\/\/x.com\/fieldtrustbnl","https:\/\/www.linkedin.com\/company\/fieldtrust\/","https:\/\/www.youtube.com\/channel\/UCchBwXtTmebI8KkdOGrcC5w"]}]}},"_links":{"self":[{"href":"https:\/\/fieldtrust.be\/nl\/wp-json\/wp\/v2\/pages\/14","targetHints":{"allow":["GET"]}}],"collection":[{"href":"https:\/\/fieldtrust.be\/nl\/wp-json\/wp\/v2\/pages"}],"about":[{"href":"https:\/\/fieldtrust.be\/nl\/wp-json\/wp\/v2\/types\/page"}],"author":[{"embeddable":true,"href":"https:\/\/fieldtrust.be\/nl\/wp-json\/wp\/v2\/users\/1"}],"replies":[{"embeddable":true,"href":"https:\/\/fieldtrust.be\/nl\/wp-json\/wp\/v2\/comments?post=14"}],"version-history":[{"count":10,"href":"https:\/\/fieldtrust.be\/nl\/wp-json\/wp\/v2\/pages\/14\/revisions"}],"predecessor-version":[{"id":8673,"href":"https:\/\/fieldtrust.be\/nl\/wp-json\/wp\/v2\/pages\/14\/revisions\/8673"}],"up":[{"embeddable":true,"href":"https:\/\/fieldtrust.be\/nl\/wp-json\/wp\/v2\/pages\/10"}],"wp:attachment":[{"href":"https:\/\/fieldtrust.be\/nl\/wp-json\/wp\/v2\/media?parent=14"}],"curies":[{"name":"wp","href":"https:\/\/api.w.org\/{rel}","templated":true}]}}