{"id":9173,"date":"2021-06-13T13:43:31","date_gmt":"2021-06-13T13:43:31","guid":{"rendered":"https:\/\/fieldtrust.be\/?page_id=9173"},"modified":"2023-07-12T19:02:44","modified_gmt":"2023-07-12T19:02:44","slug":"support","status":"publish","type":"page","link":"https:\/\/fieldtrust.be\/fr\/support","title":{"rendered":"Support"},"content":{"rendered":"<div data-elementor-type=\"wp-page\" data-elementor-id=\"9173\" class=\"elementor elementor-9173\" data-elementor-post-type=\"page\">\n\t\t\t\t\t\t<section class=\"elementor-section elementor-top-section elementor-element elementor-element-34bc982 elementor-section-height-min-height elementor-section-items-bottom elementor-section-boxed elementor-section-height-default\" data-id=\"34bc982\" data-element_type=\"section\" data-e-type=\"section\" data-settings=\"{&quot;background_background&quot;:&quot;classic&quot;}\">\n\t\t\t\t\t\t<div class=\"elementor-container elementor-column-gap-default\">\n\t\t\t\t\t<div class=\"elementor-column elementor-col-100 elementor-top-column elementor-element elementor-element-07de948\" data-id=\"07de948\" data-element_type=\"column\" data-e-type=\"column\">\n\t\t\t<div class=\"elementor-widget-wrap elementor-element-populated\">\n\t\t\t\t\t\t<div class=\"elementor-element elementor-element-0be0d75 elementor-widget elementor-widget-heading\" data-id=\"0be0d75\" data-element_type=\"widget\" data-e-type=\"widget\" data-widget_type=\"heading.default\">\n\t\t\t\t<div class=\"elementor-widget-container\">\n\t\t\t\t\t<h1 class=\"elementor-heading-title elementor-size-default\">Assistance \u00e0 distance<\/h1>\t\t\t\t<\/div>\n\t\t\t\t<\/div>\n\t\t\t\t\t<\/div>\n\t\t<\/div>\n\t\t\t\t\t<\/div>\n\t\t<\/section>\n\t\t\t\t<section class=\"elementor-section elementor-top-section elementor-element elementor-element-1bd244e elementor-section-height-min-height elementor-section-boxed elementor-section-height-default elementor-section-items-middle\" data-id=\"1bd244e\" data-element_type=\"section\" data-e-type=\"section\">\n\t\t\t\t\t\t<div class=\"elementor-container elementor-column-gap-default\">\n\t\t\t\t\t<div class=\"elementor-column elementor-col-100 elementor-top-column elementor-element elementor-element-f8eab14\" data-id=\"f8eab14\" data-element_type=\"column\" data-e-type=\"column\">\n\t\t\t<div class=\"elementor-widget-wrap elementor-element-populated\">\n\t\t\t\t\t\t<div class=\"elementor-element elementor-element-319dd1f elementor-widget elementor-widget-text-editor\" data-id=\"319dd1f\" data-element_type=\"widget\" data-e-type=\"widget\" data-widget_type=\"text-editor.default\">\n\t\t\t\t<div class=\"elementor-widget-container\">\n\t\t\t\t\t\t\t\t\t<h4 style=\"text-align: center;\" class=\"translation-block\"><strong>Avec <a href=\"https:\/\/fieldtrust.be\/fr\/vendors\/vendor-portfolio\/isl-online\" target=\"_self\">ISL Online<\/a>, notre \u00e9quipe de support pourra acc\u00e9der \u00e0 votre ordinateur \u00e0 distance. <\/strong><\/h4><h4 style=\"text-align: center;\"><strong>Cela nous permettra d'identifier et de r\u00e9soudre les probl\u00e8mes techniques rapidement et efficacement.<\/strong><\/h4>\t\t\t\t\t\t\t\t<\/div>\n\t\t\t\t<\/div>\n\t\t\t\t\t<\/div>\n\t\t<\/div>\n\t\t\t\t\t<\/div>\n\t\t<\/section>\n\t\t\t\t<section class=\"elementor-section elementor-top-section elementor-element elementor-element-6c6fba8 elementor-section-boxed elementor-section-height-default elementor-section-height-default\" data-id=\"6c6fba8\" data-element_type=\"section\" data-e-type=\"section\">\n\t\t\t\t\t\t<div class=\"elementor-container elementor-column-gap-default\">\n\t\t\t\t\t<div class=\"elementor-column elementor-col-100 elementor-top-column elementor-element elementor-element-0eda700\" data-id=\"0eda700\" data-element_type=\"column\" data-e-type=\"column\">\n\t\t\t<div class=\"elementor-widget-wrap elementor-element-populated\">\n\t\t\t\t\t\t<div class=\"elementor-element elementor-element-34feb7e elementor-widget elementor-widget-html\" data-id=\"34feb7e\" data-element_type=\"widget\" data-e-type=\"widget\" data-widget_type=\"html.default\">\n\t\t\t\t<div class=\"elementor-widget-container\">\n\t\t\t\t\t<div class=\"container\">\r\n    <div class=\"row\">\r\n        <div id=\"isl-connectbox\"><\/div>\r\n    <\/div>\r\n<\/div>\t\t\t\t<\/div>\n\t\t\t\t<\/div>\n\t\t\t\t<div class=\"elementor-element elementor-element-52db12e elementor-widget elementor-widget-text-editor\" data-id=\"52db12e\" data-element_type=\"widget\" data-e-type=\"widget\" data-widget_type=\"text-editor.default\">\n\t\t\t\t<div class=\"elementor-widget-container\">\n\t\t\t\t\t\t\t\t\t<h5 style=\"text-align: center;\">En cliquant sur \"Join\", ISL Light Client t\u00e9l\u00e9chargera automatiquement la bonne version (Windows, Mac ou Linux) en fonction de votre syst\u00e8me d'exploitation.<\/h5>\t\t\t\t\t\t\t\t<\/div>\n\t\t\t\t<\/div>\n\t\t\t\t\t<\/div>\n\t\t<\/div>\n\t\t\t\t\t<\/div>\n\t\t<\/section>\n\t\t\t\t<\/div>","protected":false},"excerpt":{"rendered":"<p>Remote support With ISL Online, our support team will be able to access your computer remotely. This will allow them to identify and solve technical problems quickly and efficiently. By clicking on &#8220;Join&#8221;, ISL Light client will automatically download the correct version (Windows, Mac or Linux) according to your operating system.<\/p>","protected":false},"author":1,"featured_media":0,"parent":0,"menu_order":0,"comment_status":"closed","ping_status":"closed","template":"elementor_header_footer","meta":{"footnotes":""},"class_list":{"1":"page"},"yoast_head":"<!-- This site is optimized with the Yoast SEO plugin v27.4 - https:\/\/yoast.com\/product\/yoast-seo-wordpress\/ -->\n<title>Support &#8211; Fieldtrust<\/title>\n<meta name=\"robots\" content=\"index, follow, max-snippet:-1, max-image-preview:large, max-video-preview:-1\" \/>\n<link rel=\"canonical\" href=\"https:\/\/fieldtrust.be\/fr\/support\/\" \/>\n<meta property=\"og:locale\" content=\"fr_FR\" \/>\n<meta property=\"og:type\" content=\"article\" \/>\n<meta property=\"og:title\" content=\"Support &#8211; Fieldtrust\" \/>\n<meta property=\"og:description\" content=\"Remote support With ISL Online, our support team will be able to access your computer remotely. This will allow them to identify and solve technical problems quickly and efficiently. By clicking on &#8220;Join&#8221;, ISL Light client will automatically download the correct version (Windows, Mac or Linux) according to your operating system.\" \/>\n<meta property=\"og:url\" content=\"https:\/\/fieldtrust.be\/fr\/support\/\" \/>\n<meta property=\"og:site_name\" content=\"Fieldtrust\" \/>\n<meta property=\"article:modified_time\" content=\"2023-07-12T19:02:44+00:00\" \/>\n<meta name=\"twitter:card\" content=\"summary_large_image\" \/>\n<meta name=\"twitter:site\" content=\"@fieldtrustbnl\" \/>\n<meta name=\"twitter:label1\" content=\"Dur\u00e9e de lecture estim\u00e9e\" \/>\n\t<meta name=\"twitter:data1\" content=\"1 minute\" \/>\n<script type=\"application\/ld+json\" class=\"yoast-schema-graph\">{\"@context\":\"https:\\\/\\\/schema.org\",\"@graph\":[{\"@type\":\"WebPage\",\"@id\":\"https:\\\/\\\/fieldtrust.be\\\/support\",\"url\":\"https:\\\/\\\/fieldtrust.be\\\/support\",\"name\":\"Support &#8211; Fieldtrust\",\"isPartOf\":{\"@id\":\"https:\\\/\\\/fieldtrust.be\\\/#website\"},\"datePublished\":\"2021-06-13T13:43:31+00:00\",\"dateModified\":\"2023-07-12T19:02:44+00:00\",\"breadcrumb\":{\"@id\":\"https:\\\/\\\/fieldtrust.be\\\/support#breadcrumb\"},\"inLanguage\":\"fr-FR\",\"potentialAction\":[{\"@type\":\"ReadAction\",\"target\":[\"https:\\\/\\\/fieldtrust.be\\\/support\"]}]},{\"@type\":\"BreadcrumbList\",\"@id\":\"https:\\\/\\\/fieldtrust.be\\\/support#breadcrumb\",\"itemListElement\":[{\"@type\":\"ListItem\",\"position\":1,\"name\":\"Accueil\",\"item\":\"https:\\\/\\\/fieldtrust.be\\\/\"},{\"@type\":\"ListItem\",\"position\":2,\"name\":\"Support\"}]},{\"@type\":\"WebSite\",\"@id\":\"https:\\\/\\\/fieldtrust.be\\\/#website\",\"url\":\"https:\\\/\\\/fieldtrust.be\\\/\",\"name\":\"Fieldtrust\",\"description\":\"The Value-Added Distributor for MSPs\",\"publisher\":{\"@id\":\"https:\\\/\\\/fieldtrust.be\\\/#organization\"},\"potentialAction\":[{\"@type\":\"SearchAction\",\"target\":{\"@type\":\"EntryPoint\",\"urlTemplate\":\"https:\\\/\\\/fieldtrust.be\\\/?s={search_term_string}\"},\"query-input\":{\"@type\":\"PropertyValueSpecification\",\"valueRequired\":true,\"valueName\":\"search_term_string\"}}],\"inLanguage\":\"fr-FR\"},{\"@type\":\"Organization\",\"@id\":\"https:\\\/\\\/fieldtrust.be\\\/#organization\",\"name\":\"Fieldtrust\",\"url\":\"https:\\\/\\\/fieldtrust.be\\\/\",\"logo\":{\"@type\":\"ImageObject\",\"inLanguage\":\"fr-FR\",\"@id\":\"https:\\\/\\\/fieldtrust.be\\\/#\\\/schema\\\/logo\\\/image\\\/\",\"url\":\"https:\\\/\\\/fieldtrust.be\\\/wp-content\\\/uploads\\\/2021\\\/01\\\/logo-FT.svg\",\"contentUrl\":\"https:\\\/\\\/fieldtrust.be\\\/wp-content\\\/uploads\\\/2021\\\/01\\\/logo-FT.svg\",\"width\":1,\"height\":1,\"caption\":\"Fieldtrust\"},\"image\":{\"@id\":\"https:\\\/\\\/fieldtrust.be\\\/#\\\/schema\\\/logo\\\/image\\\/\"},\"sameAs\":[\"https:\\\/\\\/x.com\\\/fieldtrustbnl\",\"https:\\\/\\\/www.linkedin.com\\\/company\\\/fieldtrust\\\/\",\"https:\\\/\\\/www.youtube.com\\\/channel\\\/UCchBwXtTmebI8KkdOGrcC5w\"]}]}<\/script>\n<!-- \/ Yoast SEO plugin. -->","yoast_head_json":{"title":"Support &#8211; Fieldtrust","robots":{"index":"index","follow":"follow","max-snippet":"max-snippet:-1","max-image-preview":"max-image-preview:large","max-video-preview":"max-video-preview:-1"},"canonical":"https:\/\/fieldtrust.be\/fr\/support\/","og_locale":"fr_FR","og_type":"article","og_title":"Support &#8211; Fieldtrust","og_description":"Remote support With ISL Online, our support team will be able to access your computer remotely. This will allow them to identify and solve technical problems quickly and efficiently. By clicking on &#8220;Join&#8221;, ISL Light client will automatically download the correct version (Windows, Mac or Linux) according to your operating system.","og_url":"https:\/\/fieldtrust.be\/fr\/support\/","og_site_name":"Fieldtrust","article_modified_time":"2023-07-12T19:02:44+00:00","twitter_card":"summary_large_image","twitter_site":"@fieldtrustbnl","twitter_misc":{"Dur\u00e9e de lecture estim\u00e9e":"1 minute"},"schema":{"@context":"https:\/\/schema.org","@graph":[{"@type":"WebPage","@id":"https:\/\/fieldtrust.be\/support","url":"https:\/\/fieldtrust.be\/support","name":"Support &#8211; Fieldtrust","isPartOf":{"@id":"https:\/\/fieldtrust.be\/#website"},"datePublished":"2021-06-13T13:43:31+00:00","dateModified":"2023-07-12T19:02:44+00:00","breadcrumb":{"@id":"https:\/\/fieldtrust.be\/support#breadcrumb"},"inLanguage":"fr-FR","potentialAction":[{"@type":"ReadAction","target":["https:\/\/fieldtrust.be\/support"]}]},{"@type":"BreadcrumbList","@id":"https:\/\/fieldtrust.be\/support#breadcrumb","itemListElement":[{"@type":"ListItem","position":1,"name":"Accueil","item":"https:\/\/fieldtrust.be\/"},{"@type":"ListItem","position":2,"name":"Support"}]},{"@type":"WebSite","@id":"https:\/\/fieldtrust.be\/#website","url":"https:\/\/fieldtrust.be\/","name":"Fieldtrust","description":"The Value-Added Distributor for MSPs","publisher":{"@id":"https:\/\/fieldtrust.be\/#organization"},"potentialAction":[{"@type":"SearchAction","target":{"@type":"EntryPoint","urlTemplate":"https:\/\/fieldtrust.be\/?s={search_term_string}"},"query-input":{"@type":"PropertyValueSpecification","valueRequired":true,"valueName":"search_term_string"}}],"inLanguage":"fr-FR"},{"@type":"Organization","@id":"https:\/\/fieldtrust.be\/#organization","name":"Fieldtrust","url":"https:\/\/fieldtrust.be\/","logo":{"@type":"ImageObject","inLanguage":"fr-FR","@id":"https:\/\/fieldtrust.be\/#\/schema\/logo\/image\/","url":"https:\/\/fieldtrust.be\/wp-content\/uploads\/2021\/01\/logo-FT.svg","contentUrl":"https:\/\/fieldtrust.be\/wp-content\/uploads\/2021\/01\/logo-FT.svg","width":1,"height":1,"caption":"Fieldtrust"},"image":{"@id":"https:\/\/fieldtrust.be\/#\/schema\/logo\/image\/"},"sameAs":["https:\/\/x.com\/fieldtrustbnl","https:\/\/www.linkedin.com\/company\/fieldtrust\/","https:\/\/www.youtube.com\/channel\/UCchBwXtTmebI8KkdOGrcC5w"]}]}},"_links":{"self":[{"href":"https:\/\/fieldtrust.be\/fr\/wp-json\/wp\/v2\/pages\/9173","targetHints":{"allow":["GET"]}}],"collection":[{"href":"https:\/\/fieldtrust.be\/fr\/wp-json\/wp\/v2\/pages"}],"about":[{"href":"https:\/\/fieldtrust.be\/fr\/wp-json\/wp\/v2\/types\/page"}],"author":[{"embeddable":true,"href":"https:\/\/fieldtrust.be\/fr\/wp-json\/wp\/v2\/users\/1"}],"replies":[{"embeddable":true,"href":"https:\/\/fieldtrust.be\/fr\/wp-json\/wp\/v2\/comments?post=9173"}],"version-history":[{"count":10,"href":"https:\/\/fieldtrust.be\/fr\/wp-json\/wp\/v2\/pages\/9173\/revisions"}],"predecessor-version":[{"id":10515,"href":"https:\/\/fieldtrust.be\/fr\/wp-json\/wp\/v2\/pages\/9173\/revisions\/10515"}],"wp:attachment":[{"href":"https:\/\/fieldtrust.be\/fr\/wp-json\/wp\/v2\/media?parent=9173"}],"curies":[{"name":"wp","href":"https:\/\/api.w.org\/{rel}","templated":true}]}}