{"id":18,"date":"2021-01-26T17:30:33","date_gmt":"2021-01-26T17:30:33","guid":{"rendered":"https:\/\/fieldtrust.be\/?page_id=18"},"modified":"2021-02-25T21:11:07","modified_gmt":"2021-02-25T21:11:07","slug":"partner-access","status":"publish","type":"page","link":"https:\/\/fieldtrust.be\/fr\/partners\/partner-access","title":{"rendered":"Acc\u00e8s partenaires"},"content":{"rendered":"<div data-elementor-type=\"wp-page\" data-elementor-id=\"18\" class=\"elementor elementor-18\" data-elementor-post-type=\"page\">\n\t\t\t\t\t\t<section class=\"elementor-section elementor-top-section elementor-element elementor-element-7b1b358 elementor-section-height-min-height elementor-section-items-bottom elementor-section-boxed elementor-section-height-default\" data-id=\"7b1b358\" data-element_type=\"section\" data-e-type=\"section\" data-settings=\"{&quot;background_background&quot;:&quot;classic&quot;}\">\n\t\t\t\t\t\t<div class=\"elementor-container elementor-column-gap-default\">\n\t\t\t\t\t<div class=\"elementor-column elementor-col-100 elementor-top-column elementor-element elementor-element-c836357\" data-id=\"c836357\" data-element_type=\"column\" data-e-type=\"column\">\n\t\t\t<div class=\"elementor-widget-wrap elementor-element-populated\">\n\t\t\t\t\t\t<div class=\"elementor-element elementor-element-311cc10 elementor-widget elementor-widget-heading\" data-id=\"311cc10\" data-element_type=\"widget\" data-e-type=\"widget\" data-widget_type=\"heading.default\">\n\t\t\t\t<div class=\"elementor-widget-container\">\n\t\t\t\t\t<h1 class=\"elementor-heading-title elementor-size-default\">Acc\u00e8s partenaires<\/h1>\t\t\t\t<\/div>\n\t\t\t\t<\/div>\n\t\t\t\t<div class=\"elementor-element elementor-element-eae188c elementor-widget elementor-widget-text-editor\" data-id=\"eae188c\" data-element_type=\"widget\" data-e-type=\"widget\" data-widget_type=\"text-editor.default\">\n\t\t\t\t<div class=\"elementor-widget-container\">\n\t\t\t\t\t\t\t\t\t<p><span style=\"background-color: var( --e-global-color-primary );\"><span style=\"color: #ec5661;\"><b>My FieldTrust est une plateforme mise gratuitement \u00e0 la disposition de nos partenaires.<\/b><\/span><\/span><\/p>\t\t\t\t\t\t\t\t<\/div>\n\t\t\t\t<\/div>\n\t\t\t\t<div class=\"elementor-element elementor-element-c4445da elementor-icon-list--layout-traditional elementor-list-item-link-full_width elementor-widget elementor-widget-icon-list\" data-id=\"c4445da\" data-element_type=\"widget\" data-e-type=\"widget\" data-widget_type=\"icon-list.default\">\n\t\t\t\t<div class=\"elementor-widget-container\">\n\t\t\t\t\t\t\t<ul class=\"elementor-icon-list-items\">\n\t\t\t\t\t\t\t<li class=\"elementor-icon-list-item\">\n\t\t\t\t\t\t\t\t\t\t\t<span class=\"elementor-icon-list-icon\">\n\t\t\t\t\t\t\t<svg xmlns=\"http:\/\/www.w3.org\/2000\/svg\" width=\"31\" height=\"2\" viewbox=\"0 0 31 2\"><line id=\"Ligne_51\" data-name=\"Ligne 51\" x2=\"29\" transform=\"translate(1 1)\" fill=\"none\" stroke=\"#ec5661\" stroke-linecap=\"round\" stroke-width=\"2\"><\/line><\/svg>\t\t\t\t\t\t<\/span>\n\t\t\t\t\t\t\t\t\t\t<span class=\"elementor-icon-list-text\">Retrouvez les liens directs des consoles de gestion des \u00e9diteurs<\/span>\n\t\t\t\t\t\t\t\t\t<\/li>\n\t\t\t\t\t\t\t\t<li class=\"elementor-icon-list-item\">\n\t\t\t\t\t\t\t\t\t\t\t<span class=\"elementor-icon-list-icon\">\n\t\t\t\t\t\t\t<svg xmlns=\"http:\/\/www.w3.org\/2000\/svg\" width=\"31\" height=\"2\" viewbox=\"0 0 31 2\"><line id=\"Ligne_51\" data-name=\"Ligne 51\" x2=\"29\" transform=\"translate(1 1)\" fill=\"none\" stroke=\"#ec5661\" stroke-linecap=\"round\" stroke-width=\"2\"><\/line><\/svg>\t\t\t\t\t\t<\/span>\n\t\t\t\t\t\t\t\t\t\t<span class=\"elementor-icon-list-text\">Acc\u00e9dez \u00e0 nos webinaires<\/span>\n\t\t\t\t\t\t\t\t\t<\/li>\n\t\t\t\t\t\t\t\t<li class=\"elementor-icon-list-item\">\n\t\t\t\t\t\t\t\t\t\t\t<span class=\"elementor-icon-list-icon\">\n\t\t\t\t\t\t\t<svg xmlns=\"http:\/\/www.w3.org\/2000\/svg\" width=\"31\" height=\"2\" viewbox=\"0 0 31 2\"><line id=\"Ligne_51\" data-name=\"Ligne 51\" x2=\"29\" transform=\"translate(1 1)\" fill=\"none\" stroke=\"#ec5661\" stroke-linecap=\"round\" stroke-width=\"2\"><\/line><\/svg>\t\t\t\t\t\t<\/span>\n\t\t\t\t\t\t\t\t\t\t<span class=\"elementor-icon-list-text\">T\u00e9l\u00e9chargez les fiches techniques des produits, les kits de marketing et d'autres ressources<\/span>\n\t\t\t\t\t\t\t\t\t<\/li>\n\t\t\t\t\t\t\t\t<li class=\"elementor-icon-list-item\">\n\t\t\t\t\t\t\t\t\t\t\t<span class=\"elementor-icon-list-icon\">\n\t\t\t\t\t\t\t<svg xmlns=\"http:\/\/www.w3.org\/2000\/svg\" width=\"31\" height=\"2\" viewbox=\"0 0 31 2\"><line id=\"Ligne_51\" data-name=\"Ligne 51\" x2=\"29\" transform=\"translate(1 1)\" fill=\"none\" stroke=\"#ec5661\" stroke-linecap=\"round\" stroke-width=\"2\"><\/line><\/svg>\t\t\t\t\t\t<\/span>\n\t\t\t\t\t\t\t\t\t\t<span class=\"elementor-icon-list-text\">Achetez des produits B2C \u00e0 partir de notre application web d\u00e9di\u00e9e \u00e0 des prix exclusifs<\/span>\n\t\t\t\t\t\t\t\t\t<\/li>\n\t\t\t\t\t\t<\/ul>\n\t\t\t\t\t\t<\/div>\n\t\t\t\t<\/div>\n\t\t\t\t\t<\/div>\n\t\t<\/div>\n\t\t\t\t\t<\/div>\n\t\t<\/section>\n\t\t\t\t<section class=\"elementor-section elementor-top-section elementor-element elementor-element-ffba781 elementor-section-boxed elementor-section-height-default elementor-section-height-default\" data-id=\"ffba781\" data-element_type=\"section\" data-e-type=\"section\">\n\t\t\t\t\t\t<div class=\"elementor-container elementor-column-gap-default\">\n\t\t\t\t\t<div class=\"elementor-column elementor-col-100 elementor-top-column elementor-element elementor-element-a7d9836\" data-id=\"a7d9836\" data-element_type=\"column\" data-e-type=\"column\">\n\t\t\t<div class=\"elementor-widget-wrap elementor-element-populated\">\n\t\t\t\t\t\t<div class=\"elementor-element elementor-element-3be0e28 elementor-align-center elementor-widget elementor-widget-button\" data-id=\"3be0e28\" data-element_type=\"widget\" data-e-type=\"widget\" data-widget_type=\"button.default\">\n\t\t\t\t<div class=\"elementor-widget-container\">\n\t\t\t\t\t\t\t\t\t<div class=\"elementor-button-wrapper\">\n\t\t\t\t\t<a class=\"elementor-button elementor-button-link elementor-size-sm\" href=\"https:\/\/ft-license.be\/\" target=\"_blank\">\n\t\t\t\t\t\t<span class=\"elementor-button-content-wrapper\">\n\t\t\t\t\t\t\t\t\t<span class=\"elementor-button-text\">ALLER SUR MYFIELDTRUST<\/span>\n\t\t\t\t\t<\/span>\n\t\t\t\t\t<\/a>\n\t\t\t\t<\/div>\n\t\t\t\t\t\t\t\t<\/div>\n\t\t\t\t<\/div>\n\t\t\t\t<div class=\"elementor-element elementor-element-ccb9fa4 elementor-widget elementor-widget-text-editor\" data-id=\"ccb9fa4\" data-element_type=\"widget\" data-e-type=\"widget\" data-widget_type=\"text-editor.default\">\n\t\t\t\t<div class=\"elementor-widget-container\">\n\t\t\t\t\t\t\t\t\t<p>Si nous n'avez pas d'acc\u00e8s ou n'\u00eates pas encore un partenaire FieldTrust, <span style=\"text-decoration: underline;\"><span style=\"color: #ec5661; text-decoration: underline;\"><a style=\"color: #ec5661; text-decoration: underline;\" href=\"https:\/\/fieldtrust.be\/fr\/contact\/\">contactez nous en cliquant ici.<\/a><\/span><\/span>.<\/p>\t\t\t\t\t\t\t\t<\/div>\n\t\t\t\t<\/div>\n\t\t\t\t\t<\/div>\n\t\t<\/div>\n\t\t\t\t\t<\/div>\n\t\t<\/section>\n\t\t\t\t<\/div>","protected":false},"excerpt":{"rendered":"<p>Partner access My FieldTrust is a platform that we made available free of charge to our partners. Find the direct links to vendor management platforms Access our webinars Download product Datasheets, marketing kits and other resources Buy B2C products from our dedicated web application at exclusive prices GO TO MYFIELDTRUST If you do not yet [&hellip;]<\/p>\n","protected":false},"author":1,"featured_media":0,"parent":16,"menu_order":0,"comment_status":"closed","ping_status":"closed","template":"elementor_header_footer","meta":{"footnotes":""},"class_list":{"1":"page"},"yoast_head":"<!-- This site is optimized with the Yoast SEO plugin v27.4 - https:\/\/yoast.com\/product\/yoast-seo-wordpress\/ -->\n<title>Partner access &#8211; Fieldtrust<\/title>\n<meta name=\"robots\" content=\"index, follow, max-snippet:-1, max-image-preview:large, max-video-preview:-1\" \/>\n<link rel=\"canonical\" href=\"https:\/\/fieldtrust.be\/fr\/partners\/partner-access\" \/>\n<meta property=\"og:locale\" content=\"fr_FR\" \/>\n<meta property=\"og:type\" content=\"article\" \/>\n<meta property=\"og:title\" content=\"Partner access &#8211; Fieldtrust\" \/>\n<meta property=\"og:description\" content=\"Partner access My FieldTrust is a platform that we made available free of charge to our partners. Find the direct links to vendor management platforms Access our webinars Download product Datasheets, marketing kits and other resources Buy B2C products from our dedicated web application at exclusive prices GO TO MYFIELDTRUST If you do not yet [&hellip;]\" \/>\n<meta property=\"og:url\" content=\"https:\/\/fieldtrust.be\/fr\/partners\/partner-access\" \/>\n<meta property=\"og:site_name\" content=\"Fieldtrust\" \/>\n<meta property=\"article:modified_time\" content=\"2021-02-25T21:11:07+00:00\" \/>\n<meta name=\"twitter:card\" content=\"summary_large_image\" \/>\n<meta name=\"twitter:site\" content=\"@fieldtrustbnl\" \/>\n<meta name=\"twitter:label1\" content=\"Dur\u00e9e de lecture estim\u00e9e\" \/>\n\t<meta name=\"twitter:data1\" content=\"1 minute\" \/>\n<script type=\"application\/ld+json\" class=\"yoast-schema-graph\">{\"@context\":\"https:\\\/\\\/schema.org\",\"@graph\":[{\"@type\":\"WebPage\",\"@id\":\"https:\\\/\\\/fieldtrust.be\\\/fr\\\/partners\\\/partner-access\",\"url\":\"https:\\\/\\\/fieldtrust.be\\\/fr\\\/partners\\\/partner-access\",\"name\":\"Partner access &#8211; Fieldtrust\",\"isPartOf\":{\"@id\":\"https:\\\/\\\/fieldtrust.be\\\/#website\"},\"datePublished\":\"2021-01-26T17:30:33+00:00\",\"dateModified\":\"2021-02-25T21:11:07+00:00\",\"breadcrumb\":{\"@id\":\"https:\\\/\\\/fieldtrust.be\\\/fr\\\/partners\\\/partner-access#breadcrumb\"},\"inLanguage\":\"fr-FR\",\"potentialAction\":[{\"@type\":\"ReadAction\",\"target\":[\"https:\\\/\\\/fieldtrust.be\\\/fr\\\/partners\\\/partner-access\"]}]},{\"@type\":\"BreadcrumbList\",\"@id\":\"https:\\\/\\\/fieldtrust.be\\\/fr\\\/partners\\\/partner-access#breadcrumb\",\"itemListElement\":[{\"@type\":\"ListItem\",\"position\":1,\"name\":\"Accueil\",\"item\":\"https:\\\/\\\/fieldtrust.be\\\/\"},{\"@type\":\"ListItem\",\"position\":2,\"name\":\"Partners\",\"item\":\"https:\\\/\\\/fieldtrust.be\\\/fr\\\/partners\"},{\"@type\":\"ListItem\",\"position\":3,\"name\":\"Partner access\"}]},{\"@type\":\"WebSite\",\"@id\":\"https:\\\/\\\/fieldtrust.be\\\/#website\",\"url\":\"https:\\\/\\\/fieldtrust.be\\\/\",\"name\":\"Fieldtrust\",\"description\":\"The Value-Added Distributor for MSPs\",\"publisher\":{\"@id\":\"https:\\\/\\\/fieldtrust.be\\\/#organization\"},\"potentialAction\":[{\"@type\":\"SearchAction\",\"target\":{\"@type\":\"EntryPoint\",\"urlTemplate\":\"https:\\\/\\\/fieldtrust.be\\\/?s={search_term_string}\"},\"query-input\":{\"@type\":\"PropertyValueSpecification\",\"valueRequired\":true,\"valueName\":\"search_term_string\"}}],\"inLanguage\":\"fr-FR\"},{\"@type\":\"Organization\",\"@id\":\"https:\\\/\\\/fieldtrust.be\\\/#organization\",\"name\":\"Fieldtrust\",\"url\":\"https:\\\/\\\/fieldtrust.be\\\/\",\"logo\":{\"@type\":\"ImageObject\",\"inLanguage\":\"fr-FR\",\"@id\":\"https:\\\/\\\/fieldtrust.be\\\/#\\\/schema\\\/logo\\\/image\\\/\",\"url\":\"https:\\\/\\\/fieldtrust.be\\\/wp-content\\\/uploads\\\/2021\\\/01\\\/logo-FT.svg\",\"contentUrl\":\"https:\\\/\\\/fieldtrust.be\\\/wp-content\\\/uploads\\\/2021\\\/01\\\/logo-FT.svg\",\"width\":1,\"height\":1,\"caption\":\"Fieldtrust\"},\"image\":{\"@id\":\"https:\\\/\\\/fieldtrust.be\\\/#\\\/schema\\\/logo\\\/image\\\/\"},\"sameAs\":[\"https:\\\/\\\/x.com\\\/fieldtrustbnl\",\"https:\\\/\\\/www.linkedin.com\\\/company\\\/fieldtrust\\\/\",\"https:\\\/\\\/www.youtube.com\\\/channel\\\/UCchBwXtTmebI8KkdOGrcC5w\"]}]}<\/script>\n<!-- \/ Yoast SEO plugin. -->","yoast_head_json":{"title":"Partner access &#8211; Fieldtrust","robots":{"index":"index","follow":"follow","max-snippet":"max-snippet:-1","max-image-preview":"max-image-preview:large","max-video-preview":"max-video-preview:-1"},"canonical":"https:\/\/fieldtrust.be\/fr\/partners\/partner-access","og_locale":"fr_FR","og_type":"article","og_title":"Partner access &#8211; Fieldtrust","og_description":"Partner access My FieldTrust is a platform that we made available free of charge to our partners. Find the direct links to vendor management platforms Access our webinars Download product Datasheets, marketing kits and other resources Buy B2C products from our dedicated web application at exclusive prices GO TO MYFIELDTRUST If you do not yet [&hellip;]","og_url":"https:\/\/fieldtrust.be\/fr\/partners\/partner-access","og_site_name":"Fieldtrust","article_modified_time":"2021-02-25T21:11:07+00:00","twitter_card":"summary_large_image","twitter_site":"@fieldtrustbnl","twitter_misc":{"Dur\u00e9e de lecture estim\u00e9e":"1 minute"},"schema":{"@context":"https:\/\/schema.org","@graph":[{"@type":"WebPage","@id":"https:\/\/fieldtrust.be\/fr\/partners\/partner-access","url":"https:\/\/fieldtrust.be\/fr\/partners\/partner-access","name":"Partner access &#8211; Fieldtrust","isPartOf":{"@id":"https:\/\/fieldtrust.be\/#website"},"datePublished":"2021-01-26T17:30:33+00:00","dateModified":"2021-02-25T21:11:07+00:00","breadcrumb":{"@id":"https:\/\/fieldtrust.be\/fr\/partners\/partner-access#breadcrumb"},"inLanguage":"fr-FR","potentialAction":[{"@type":"ReadAction","target":["https:\/\/fieldtrust.be\/fr\/partners\/partner-access"]}]},{"@type":"BreadcrumbList","@id":"https:\/\/fieldtrust.be\/fr\/partners\/partner-access#breadcrumb","itemListElement":[{"@type":"ListItem","position":1,"name":"Accueil","item":"https:\/\/fieldtrust.be\/"},{"@type":"ListItem","position":2,"name":"Partners","item":"https:\/\/fieldtrust.be\/fr\/partners"},{"@type":"ListItem","position":3,"name":"Partner access"}]},{"@type":"WebSite","@id":"https:\/\/fieldtrust.be\/#website","url":"https:\/\/fieldtrust.be\/","name":"Fieldtrust","description":"The Value-Added Distributor for MSPs","publisher":{"@id":"https:\/\/fieldtrust.be\/#organization"},"potentialAction":[{"@type":"SearchAction","target":{"@type":"EntryPoint","urlTemplate":"https:\/\/fieldtrust.be\/?s={search_term_string}"},"query-input":{"@type":"PropertyValueSpecification","valueRequired":true,"valueName":"search_term_string"}}],"inLanguage":"fr-FR"},{"@type":"Organization","@id":"https:\/\/fieldtrust.be\/#organization","name":"Fieldtrust","url":"https:\/\/fieldtrust.be\/","logo":{"@type":"ImageObject","inLanguage":"fr-FR","@id":"https:\/\/fieldtrust.be\/#\/schema\/logo\/image\/","url":"https:\/\/fieldtrust.be\/wp-content\/uploads\/2021\/01\/logo-FT.svg","contentUrl":"https:\/\/fieldtrust.be\/wp-content\/uploads\/2021\/01\/logo-FT.svg","width":1,"height":1,"caption":"Fieldtrust"},"image":{"@id":"https:\/\/fieldtrust.be\/#\/schema\/logo\/image\/"},"sameAs":["https:\/\/x.com\/fieldtrustbnl","https:\/\/www.linkedin.com\/company\/fieldtrust\/","https:\/\/www.youtube.com\/channel\/UCchBwXtTmebI8KkdOGrcC5w"]}]}},"_links":{"self":[{"href":"https:\/\/fieldtrust.be\/fr\/wp-json\/wp\/v2\/pages\/18","targetHints":{"allow":["GET"]}}],"collection":[{"href":"https:\/\/fieldtrust.be\/fr\/wp-json\/wp\/v2\/pages"}],"about":[{"href":"https:\/\/fieldtrust.be\/fr\/wp-json\/wp\/v2\/types\/page"}],"author":[{"embeddable":true,"href":"https:\/\/fieldtrust.be\/fr\/wp-json\/wp\/v2\/users\/1"}],"replies":[{"embeddable":true,"href":"https:\/\/fieldtrust.be\/fr\/wp-json\/wp\/v2\/comments?post=18"}],"version-history":[{"count":10,"href":"https:\/\/fieldtrust.be\/fr\/wp-json\/wp\/v2\/pages\/18\/revisions"}],"predecessor-version":[{"id":8518,"href":"https:\/\/fieldtrust.be\/fr\/wp-json\/wp\/v2\/pages\/18\/revisions\/8518"}],"up":[{"embeddable":true,"href":"https:\/\/fieldtrust.be\/fr\/wp-json\/wp\/v2\/pages\/16"}],"wp:attachment":[{"href":"https:\/\/fieldtrust.be\/fr\/wp-json\/wp\/v2\/media?parent=18"}],"curies":[{"name":"wp","href":"https:\/\/api.w.org\/{rel}","templated":true}]}}